{"id":10,"date":"2024-12-31T12:22:08","date_gmt":"2024-12-31T12:22:08","guid":{"rendered":"https:\/\/www.vokudent.nl\/?page_id=10"},"modified":"2024-12-31T15:51:44","modified_gmt":"2024-12-31T14:51:44","slug":"home","status":"publish","type":"page","link":"https:\/\/www.vokudent.nl\/","title":{"rendered":"Welkom bij Vokudent"},"content":{"rendered":"\n<figure class=\"wp-block-image size-full\"><img loading=\"lazy\" decoding=\"async\" width=\"600\" height=\"600\" src=\"https:\/\/www.vokudent.nl\/wp-content\/uploads\/2024\/12\/linda-vollenbrock.png\" alt=\"\" class=\"wp-image-29\" srcset=\"https:\/\/www.vokudent.nl\/wp-content\/uploads\/2024\/12\/linda-vollenbrock.png 600w, https:\/\/www.vokudent.nl\/wp-content\/uploads\/2024\/12\/linda-vollenbrock-300x300.png 300w, https:\/\/www.vokudent.nl\/wp-content\/uploads\/2024\/12\/linda-vollenbrock-150x150.png 150w\" sizes=\"auto, (max-width: 600px) 100vw, 600px\" \/><figcaption class=\"wp-element-caption\"> <\/figcaption><\/figure>\n\n\n\n<h2 class=\"wp-block-heading\">Welkom bij Vokudent<\/h2>\n\n\n\n<h2 class=\"wp-block-heading\">Tandarts Linda Vollenbrock-Kuipers<\/h2>\n\n\n\n<p>Mijn naam is Linda Vollenbrock-Kuipers, en als tandarts met 40 jaar ervaring ben ik inmiddels een vertrouwd gezicht in de regio Twente. Van harte welkom op mijn website, waar u meer kunt lezen over mijzelf, mijn werkwijze en hoe ik mijn pati\u00ebnten help aan een gezonde glimlach.<\/p>\n\n\n\n<p><strong>Ruime ervaring en deskundigheid<\/strong><br>Na mijn afstuderen in 1985 aan de Katholieke Universiteit Nijmegen ben ik al ruim 35 jaar werkzaam als tandarts in Oldenzaal en de regio Twente. In 2012 besloot ik mijn eigen praktijk in Oldenzaal te be\u00ebindigen en ben sindsdien actief als ZZP-tandarts in verschillende praktijken in de regio.<\/p>\n\n\n\n<p>Ik ben BIG-geregistreerd, wat betekent dat ik voldoe aan de hoogste eisen op het gebied van kwaliteit en professionaliteit in de tandheelkunde. Mijn praktijk richt zich op reguliere tandheelkunde, waarbij ik al mijn ervaring inzet om de beste zorg te bieden.<\/p>\n\n\n\n<figure class=\"wp-block-image size-large\"><img loading=\"lazy\" decoding=\"async\" width=\"1024\" height=\"683\" src=\"https:\/\/www.vokudent.nl\/wp-content\/uploads\/2024\/12\/iStock-694835026-1024x683.jpg\" alt=\"\" class=\"wp-image-33\" srcset=\"https:\/\/www.vokudent.nl\/wp-content\/uploads\/2024\/12\/iStock-694835026-1024x683.jpg 1024w, https:\/\/www.vokudent.nl\/wp-content\/uploads\/2024\/12\/iStock-694835026-300x200.jpg 300w, https:\/\/www.vokudent.nl\/wp-content\/uploads\/2024\/12\/iStock-694835026-768x513.jpg 768w, https:\/\/www.vokudent.nl\/wp-content\/uploads\/2024\/12\/iStock-694835026-1536x1025.jpg 1536w, https:\/\/www.vokudent.nl\/wp-content\/uploads\/2024\/12\/iStock-694835026-2048x1367.jpg 2048w\" sizes=\"auto, (max-width: 1024px) 100vw, 1024px\" \/><figcaption class=\"wp-element-caption\"> <\/figcaption><\/figure>\n\n\n\n<p><strong>Zorg op maat voor angstige pati\u00ebnten en kinderen<\/strong><br>Ik heb veel affiniteit met het behandelen van bange pati\u00ebnten en kinderen. Mijn rustige en geduldige benadering zorgt ervoor dat de pati\u00ebnt zich op zijn of haar gemak voelt tijdens de behandeling. Ik maak daarbij gebruik van diverse technieken om angst te verminderen, waaronder het &#8216;Tell, Show, Do&#8217;-principe, waarmee ik eerst stap voor stap uitleg en laat zien wat er gaat gebeuren, voordat ik de behandeling start.<\/p>\n\n\n\n<p>Daarnaast bied ik de mogelijkheid om behandelingen te ondergaan met behulp van een 3D-bril die rustgevende filmpjes weergeeft. Dit helpt om de spanning te verlichten en de behandeling minder stressvol te maken.<\/p>\n\n\n\n<p><strong>Mijn werkwijze<\/strong><br>Bij de behandeling draait alles om zorg op maat, persoonlijke aandacht en het cre\u00ebren van een veilige omgeving voor iedere pati\u00ebnt. Ik werk altijd samen met de pati\u00ebnt om de beste behandelopties te bepalen, of het nu gaat om een controle, het verhelpen van pijnklachten, of esthetische behandelingen.<\/p>\n\n\n\n<p><strong>Bereikbaarheid in de regio Twente<\/strong><br>Ik ben actief in verschillende praktijken in de regio Twente, zodat ik altijd dichtbij ben voor tandheelkundige zorg. Of uw praktijk zich in Oldenzaal bevindt of in een van de omliggende plaatsen, u kunt rekenen op zorgvuldige en deskundige behandelingen.<\/p>\n\n\n\n<p><strong>Contact<\/strong><br>Heeft u als tandartspraktijk behoefte aan extra capaciteit of mijn specifieke tandheelkundige expertise? Neem dan gerust contact met mij op. Ik ben beschikbaar voor tijdelijke opdrachten en voor het bieden van gespecialiseerde zorg. Ik help u graag uw praktijk op flexibele basis te ondersteunen.<\/p>\n\n\n\n<figure class=\"wp-block-image size-large\"><img loading=\"lazy\" decoding=\"async\" width=\"1024\" height=\"683\" src=\"https:\/\/www.vokudent.nl\/wp-content\/uploads\/2024\/12\/iStock-2140440096-1024x683.jpg\" alt=\"\" class=\"wp-image-34\" srcset=\"https:\/\/www.vokudent.nl\/wp-content\/uploads\/2024\/12\/iStock-2140440096-1024x683.jpg 1024w, https:\/\/www.vokudent.nl\/wp-content\/uploads\/2024\/12\/iStock-2140440096-300x200.jpg 300w, https:\/\/www.vokudent.nl\/wp-content\/uploads\/2024\/12\/iStock-2140440096-768x512.jpg 768w, https:\/\/www.vokudent.nl\/wp-content\/uploads\/2024\/12\/iStock-2140440096-1536x1024.jpg 1536w, https:\/\/www.vokudent.nl\/wp-content\/uploads\/2024\/12\/iStock-2140440096-2048x1365.jpg 2048w\" sizes=\"auto, (max-width: 1024px) 100vw, 1024px\" \/><\/figure>\n\n\n\n<p><\/p>\n","protected":false},"excerpt":{"rendered":"<p>Welkom bij Vokudent Tandarts Linda Vollenbrock-Kuipers Mijn naam is Linda Vollenbrock-Kuipers, en als tandarts met 40 jaar ervaring ben ik inmiddels een vertrouwd gezicht in de regio Twente. Van harte welkom op mijn website, waar u meer kunt lezen over mijzelf, mijn werkwijze en hoe ik mijn pati\u00ebnten help aan een gezonde glimlach. Ruime ervaring [&hellip;]<\/p>\n","protected":false},"author":1,"featured_media":0,"parent":0,"menu_order":0,"comment_status":"closed","ping_status":"closed","template":"","meta":{"footnotes":""},"class_list":["post-10","page","type-page","status-publish","hentry"],"_links":{"self":[{"href":"https:\/\/www.vokudent.nl\/index.php\/wp-json\/wp\/v2\/pages\/10","targetHints":{"allow":["GET"]}}],"collection":[{"href":"https:\/\/www.vokudent.nl\/index.php\/wp-json\/wp\/v2\/pages"}],"about":[{"href":"https:\/\/www.vokudent.nl\/index.php\/wp-json\/wp\/v2\/types\/page"}],"author":[{"embeddable":true,"href":"https:\/\/www.vokudent.nl\/index.php\/wp-json\/wp\/v2\/users\/1"}],"replies":[{"embeddable":true,"href":"https:\/\/www.vokudent.nl\/index.php\/wp-json\/wp\/v2\/comments?post=10"}],"version-history":[{"count":17,"href":"https:\/\/www.vokudent.nl\/index.php\/wp-json\/wp\/v2\/pages\/10\/revisions"}],"predecessor-version":[{"id":56,"href":"https:\/\/www.vokudent.nl\/index.php\/wp-json\/wp\/v2\/pages\/10\/revisions\/56"}],"wp:attachment":[{"href":"https:\/\/www.vokudent.nl\/index.php\/wp-json\/wp\/v2\/media?parent=10"}],"curies":[{"name":"wp","href":"https:\/\/api.w.org\/{rel}","templated":true}]}}